{"id":554,"date":"2018-11-25T01:48:06","date_gmt":"2018-11-25T01:48:06","guid":{"rendered":"https:\/\/demo.casethemes.net\/nimmo\/?page_id=554"},"modified":"2025-07-08T10:04:09","modified_gmt":"2025-07-08T10:04:09","slug":"home-video","status":"publish","type":"page","link":"https:\/\/www.bursaorhangazifm.com.tr\/","title":{"rendered":"Ana Sayfa"},"content":{"rendered":"<div class=\"wpb-content-wrapper\"><p>[vc_row][vc_column ct_column_class=&#8221;rm-padding-md&#8221; css=&#8221;.vc_custom_1540021731938{padding-top: 0px !important;padding-right: 0px !important;}&#8221; offset=&#8221;vc_col-lg-5 vc_col-md-5&#8243;][ct_space space_lg=&#8221;112&#8243; space_md=&#8221;60&#8243; space_sm=&#8221;60&#8243; space_xs=&#8221;60&#8243;][ct_heading text=&#8221;En iyi m\u00fczik burada&#8230;&#8221; font_size_md=&#8221;36&#8243; font_size_sm=&#8221;32&#8243; font_size_xs=&#8221;32&#8243; font_weight=&#8221;&#8221; subtitle=&#8221;Orhangazi Fm&#8221; font_weight_sub=&#8221;&#8221; description=&#8221;En g\u00fczel yay\u0131nlar, en iyi m\u00fczikler burada! Orhangazi FM ile g\u00fcn\u00fcn\u00fcz ritim bulsun, keyfiniz yerinden oynamas\u0131n. 105.7 frekans\u0131nda sizi bekleyen ses: Orhangazi&#8217;nin sesi!&#8221; typingout=&#8221;&#8220;Orhangazi Fm&#8220;, &#8220;105.7 MHz&#8220;, &#8220;en iyi m\u00fczik&#8220;&#8221;][vc_row_inner][vc_column_inner ct_column_inner_class=&#8221;rm-padding-lg&#8221; css=&#8221;.vc_custom_1539746736177{padding-top: 30px !important;padding-right: 55px !important;}&#8221;][ct_progressbar ct_progressbar_list=&#8221;%5B%7B%22item_title%22%3A%22M%C3%BCzik%22%2C%22value%22%3A%22100%22%2C%22progress_color%22%3A%22gradient%22%7D%2C%7B%22item_title%22%3A%22G%C3%BCncel%22%2C%22value%22%3A%22100%22%2C%22progress_color%22%3A%22gradient%22%7D%2C%7B%22item_title%22%3A%22Moral%20%26%20Motivasyon%22%2C%22value%22%3A%22100%22%2C%22progress_color%22%3A%22gradient%22%7D%5D&#8221;][\/vc_column_inner][\/vc_row_inner][ct_space space_lg=&#8221;90&#8243; space_md=&#8221;60&#8243; space_sm=&#8221;50&#8243; space_xs=&#8221;50&#8243;][\/vc_column][vc_column ct_column_class=&#8221;rm-padding-md&#8221; css=&#8221;.vc_custom_1543110634199{padding-top: 50px !important;padding-bottom: 50px !important;padding-left: 35px !important;}&#8221; offset=&#8221;vc_col-lg-7 vc_col-md-7&#8243;][vc_single_image image=&#8221;1769&#8243; img_size=&#8221;full&#8221; alignment=&#8221;right&#8221; css_animation=&#8221;fadeInRight&#8221; css=&#8221;.vc_custom_1751870490872{margin-bottom: 0px !important;padding-bottom: 0px !important;}&#8221;][\/vc_column][\/vc_row][vc_row el_id=&#8221;canliyayin&#8221;][vc_column css=&#8221;.vc_custom_1541610546387{padding-top: 94px !important;}&#8221;][vc_row_inner][vc_column_inner width=&#8221;1\/4&#8243;][\/vc_column_inner][vc_column_inner width=&#8221;1\/2&#8243; ct_column_inner_class=&#8221;rm-padding-lg&#8221; css=&#8221;.vc_custom_1540440548838{padding-top: 0px !important;padding-right: 0px !important;padding-left: 0px !important;}&#8221; offset=&#8221;vc_col-lg-6 vc_col-md-6&#8243;][ct_heading text=&#8221;<cite>Orhangazi Fm<\/cite>&#8221; text_below=&#8221;Canl\u0131 Yay\u0131n&#8221; align_lg=&#8221;align-center&#8221; align_md=&#8221;align-center-md&#8221; align_sm=&#8221;align-center-sm&#8221; align_xs=&#8221;align-center-xs&#8221; font_size_md=&#8221;36&#8243; font_size_sm=&#8221;32&#8243; font_size_xs=&#8221;32&#8243; font_weight=&#8221;&#8221; subtitle=&#8221;Canl\u0131 Yay\u0131n&#8221; font_weight_sub=&#8221;&#8221; description=&#8221;Orhangazi FM 105.7 Mhz frekans\u0131ndan yay\u0131n yapan ve en iyi m\u00fczikleri sizlerle bulu\u015fturan radyomuzu internet \u00fczerinden d\u00fcnyan\u0131n her yerinden dinleyebilirsiniz.&#8221;][\/vc_column_inner][vc_column_inner width=&#8221;1\/4&#8243;][\/vc_column_inner][\/vc_row_inner][vc_empty_space height=&#8221;36&#8243;][vc_raw_html]JTNDY2VudGVyJTNFJTNDY2VudGVyJTNFJTNDaWZyYW1lJTIwbmFtZSUzRCUyMnlheWluX2NvbV90cl9yYWR5b19wbGF5ZXJfdjQlMjIlMjBzcmMlM0QlMjIlMkYlMkZyYWR5by5wbGF5ZXIuaW0lMkZqcyUyRnY0JTJGJTNGcmRfeWF5aW5jb210cl92NF8xJTNEaHR0cHMlM0ElMkYlMkZyYWR5by55YXlpbi5jb20udHIlM0E1MDE2JTI2cmRfeWF5aW5jb210cl92NF8yJTNEMiUyNnJkX3lheWluY29tdHJfdjRfMyUzRDElMjZyZF95YXlpbmNvbXRyX3Y0XzQlM0R0cnVlJTI2cmRfeWF5aW5jb210cl92NF81JTNEc3RyZWFtJTI2cmRfeWF5aW5jb210cl92NF82JTNEaHR0cHMlM0ElMkYlMkZidXJzYW9yaGFuZ2F6aWZtLmNvbS50ciUyRndwLWNvbnRlbnQlMkZ1cGxvYWRzJTJGMjAyNSUyRjA2JTJGQ2hhdEdQVC1JbWFnZS0yNC1IYXotMjAyNS0xNl8yNF8xNC5wbmclMjZyZF95YXlpbmNvbXRyX3Y0XzclM0QxJTI2cmRfeWF5aW5jb210cl92NF84JTNEMSUyNnJkX3lheWluY29tdHJfdjRfOSUzRHRydWUlMjZyZF95YXlpbmNvbXRyX3Y0XzEwJTNET3JoYW5nYXppJTIwRm0lMjIlMjB3aWR0aCUzRCUyMjQzMHB4JTIyJTIwaGVpZ2h0JTNEJTIyNDMwcHglMjIlMjBtYXJnaW53aWR0aCUzRCUyMjAlMjIlMjBtYXJnaW5oZWlnaHQlM0QlMjIwJTIyJTIwc2Nyb2xsaW5nJTNEJTIybm8lMjIlMjBib3JkZXIlM0QlMjIwJTIyJTIwZnJhbWVib3JkZXIlM0QlMjIwJTIyJTIwYWxsb3clM0QlMjJhdXRvcGxheSUyMiUyMGF1dG9wbGF5JTNEJTIydHJ1ZSUyMiUyMGFsbG93dHJhbnNwYXJlbmN5JTNEJTIydHJ1ZSUyMiUzRSUzQyUyRmlmcmFtZSUzRSUzQyUyRmNlbnRlciUzRSUzQyUyRmNlbnRlciUzRQ==[\/vc_raw_html][vc_raw_html]JTNDY2VudGVyJTNFJTNDZGl2JTIwaWQlM0QlMjJjY190dW5laW4lMjIlM0UlMEElMDklM0NhJTIwaHJlZiUzRCUyMmh0dHBzJTNBJTJGJTJGcmFkeW8ueWF5aW4uY29tLnRyJTJGdHVuZWluJTJGb3JoYW5nYXoucGxzJTIyJTNFJTNDaW1nJTIwYWxpZ24lM0QlMjJhYnNtaWRkbGUlMjIlMjBzcmMlM0QlMjJodHRwcyUzQSUyRiUyRnJhZHlvLnlheWluLmNvbS50ciUyRnN5c3RlbSUyRmltYWdlcyUyRnR1bmVpbi1wbHMucG5nJTIyJTIwYm9yZGVyJTNEJTIyMCUyMiUyMGFsdCUzRCUyMldpbmFtcCUyQyUyMGlUdW5lcyUyMiUyMHRpdGxlJTNEJTIyV2luYW1wJTJDJTIwaVR1bmVzJTIyJTIwJTJGJTNFJTNDJTJGYSUzRSUwQSUwOSUzQ2ElMjBocmVmJTNEJTIyaHR0cHMlM0ElMkYlMkZyYWR5by55YXlpbi5jb20udHIlMkZ0dW5laW4lMkZvcmhhbmdhei5hc3glMjIlM0UlM0NpbWclMjBhbGlnbiUzRCUyMmFic21pZGRsZSUyMiUyMHNyYyUzRCUyMmh0dHBzJTNBJTJGJTJGcmFkeW8ueWF5aW4uY29tLnRyJTJGc3lzdGVtJTJGaW1hZ2VzJTJGdHVuZWluLWFzeC5wbmclMjIlMjBib3JkZXIlM0QlMjIwJTIyJTIwYWx0JTNEJTIyV2luZG93cyUyME1lZGlhJTIwUGxheWVyJTIyJTIwdGl0bGUlM0QlMjJXaW5kb3dzJTIwTWVkaWElMjBQbGF5ZXIlMjIlMjAlMkYlM0UlM0MlMkZhJTNFJTBBJTA5JTNDYSUyMGhyZWYlM0QlMjJodHRwcyUzQSUyRiUyRnJhZHlvLnlheWluLmNvbS50ciUyRnR1bmVpbiUyRm9yaGFuZ2F6LnJhbSUyMiUzRSUzQ2ltZyUyMGFsaWduJTNEJTIyYWJzbWlkZGxlJTIyJTIwc3JjJTNEJTIyaHR0cHMlM0ElMkYlMkZyYWR5by55YXlpbi5jb20udHIlMkZzeXN0ZW0lMkZpbWFnZXMlMkZ0dW5laW4tcmFtLnBuZyUyMiUyMGJvcmRlciUzRCUyMjAlMjIlMjBhbHQlM0QlMjJSZWFsJTIwUGxheWVyJTIyJTIwdGl0bGUlM0QlMjJSZWFsJTIwUGxheWVyJTIyJTIwJTJGJTNFJTNDJTJGYSUzRSUwQSUwOSUzQ2ElMjBocmVmJTNEJTIyaHR0cHMlM0ElMkYlMkZyYWR5by55YXlpbi5jb20udHIlMkZ0dW5laW4lMkZvcmhhbmdhei5xdGwlMjIlM0UlM0NpbWclMjBhbGlnbiUzRCUyMmFic21pZGRsZSUyMiUyMHNyYyUzRCUyMmh0dHBzJTNBJTJGJTJGcmFkeW8ueWF5aW4uY29tLnRyJTJGc3lzdGVtJTJGaW1hZ2VzJTJGdHVuZWluLXF0bC5wbmclMjIlMjBib3JkZXIlM0QlMjIwJTIyJTIwYWx0JTNEJTIyUXVpY2tUaW1lJTIyJTIwdGl0bGUlM0QlMjJRdWlja1RpbWUlMjIlMjAlMkYlM0UlM0MlMkZhJTNFJTBBJTNDJTJGZGl2JTNFJTNDJTJGY2VudGVyJTNFJTBB[\/vc_raw_html][vc_column_text]<strong>ORHANGAZ\u0130N\u0130N \u0130LK VE TEK RADYOSU<\/strong><\/p>\n<p>Bursa&#8217;n\u0131n Orhangazi il\u00e7esinin ilk ve tek radyosu olan Orhangazi FM, 105,7 frekans\u0131ndan yapt\u0131\u011f\u0131 yay\u0131n hayat\u0131na yenilikler getirmek i\u00e7in tekrardan yap\u0131lan\u0131yor.<\/p>\n<p>Radyo Orhangazi hem radyo yay\u0131n\u0131 hem de internet sitesi \u00fczerinden yay\u0131nlanacak e\u015f zamanl\u0131 radyo programlar\u0131 ile ister radyonuzdan, ister mobil telefonlar\u0131n\u0131zdan isterseniz de internet sitesi \u00fczerinden dinlenebilir hale getiriliyor.<\/p>\n<p>Bursa&#8217;da radyo yay\u0131nc\u0131l\u0131\u011f\u0131 konusunda tecr\u00fcbesiyle \u00f6n plana \u00e7\u0131kan \u00a0ger\u00e7ekle\u015fen devir sonras\u0131nda, yenilik\u00e7i bir web sitesine kavu\u015fan bursaorhangazifm.com.tr internet sitesi \u00fczerinden yay\u0131nlad\u0131\u011f\u0131 m\u00fczik haberleri ile de, m\u00fczikseverlerin ilk haber alma kayna\u011f\u0131 olma yolunda ilerliyor.<\/p>\n<p>\u0130lerleyen g\u00fcnlerde \u00f6zel dj programlar\u0131, istek par\u00e7a dinletisi, \u00f6zel programlar ve faydal\u0131 konu ve konuklar\u0131n yer alaca\u011f\u0131 programlarla, Bursa&#8217;da radyoculu\u011fun tekrardan keyifli hale getirilece\u011fini dile getiren radyo y\u00f6netimi, 105,7 frekans\u0131n\u0131 s\u0131k kullan\u0131lanlara eklemenizi ve bizi takipte kalman\u0131z\u0131 istiyor.<\/p>\n<p>Hayat\u0131n ne\u015fesini, e\u011flencesini yans\u0131tan Radyo Orhangazi, \u00e7ok yak\u0131nda sizlerle&#8230;[\/vc_column_text][vc_gallery interval=&#8221;3&#8243; images=&#8221;1775,1774,1773,1772&#8243; img_size=&#8221;1920&#215;1280&#8243; onclick=&#8221;&#8221;][\/vc_column][\/vc_row][vc_row full_width=&#8221;stretch_row&#8221; el_id=&#8221;iletisim&#8221;][vc_column css=&#8221;.vc_custom_1540527888195{padding-top: 120px !important;padding-bottom: 120px !important;}&#8221;][vc_row_inner content_placement=&#8221;middle&#8221; css=&#8221;.vc_custom_1540527908144{padding-top: 110px !important;}&#8221;][vc_column_inner width=&#8221;1\/2&#8243; ct_column_inner_class=&#8221;rm-padding-lg&#8221; css=&#8221;.vc_custom_1541254477998{padding-top: 40px !important;padding-right: 140px !important;padding-bottom: 40px !important;}&#8221; animation_column=&#8221;fadeInLeft&#8221;][ct_heading text=&#8221;Orhangazi FM<cite>105.7 MHz<\/cite>&#8221; font_size=&#8221;32&#8243; font_size_md=&#8221;32&#8243; font_size_sm=&#8221;32&#8243; font_size_xs=&#8221;32&#8243; font_weight=&#8221;&#8221; font_weight_sub=&#8221;&#8221; margin_bottom=&#8221;18&#8243;][vc_raw_html css=&#8221;.vc_custom_1750856474691{margin-bottom: 18px !important;}&#8221;]JTNDZGl2JTIwY2xhc3MlM0QlMjJjb250YWN0LWluZm8lMjIlM0UlMEElMjAlMjAlMjAlMjAlM0NzcGFuJTNFRW1haWwlM0ElM0MlMkZzcGFuJTNFJTIwaW5mbyU0MGJ1cnNhb3JoYW5nYXppZm0uY29tLnRyJTNDYnIlM0UlMjAlMEElM0MlMkZkaXYlM0U=[\/vc_raw_html][vc_column_text css=&#8221;.vc_custom_1750856519133{margin-bottom: 0px !important;}&#8221; el_class=&#8221;ft-heebo&#8221;]Bizimle her konuda ileti\u015fime ge\u00e7ebilirisiniz&#8230;[\/vc_column_text][\/vc_column_inner][vc_column_inner width=&#8221;1\/2&#8243; animation_column=&#8221;fadeInRight&#8221;][ct_contact_form id=&#8221;185&#8243;][\/vc_column_inner][\/vc_row_inner][\/vc_column][\/vc_row][vc_row full_width=&#8221;stretch_row_content_no_spaces&#8221;][vc_column css=&#8221;.vc_custom_1539832139526{padding-top: 0px !important;}&#8221;][vc_gmaps link=&#8221;#E-8_JTNDaWZyYW1lJTIwc3JjJTNEJTIyaHR0cHMlM0ElMkYlMkZ3d3cuZ29vZ2xlLmNvbSUyRm1hcHMlMkZlbWJlZCUzRnBiJTNEJTIxMW0xOCUyMTFtMTIlMjExbTMlMjExZDEyMTM3LjA5NzUwODE5NjU1MiUyMTJkMjkuMjk4NDM1MjgzMzcxNzI3JTIxM2Q0MC40OTEzMTUzNjE1NDkyNTUlMjEybTMlMjExZjAlMjEyZjAlMjEzZjAlMjEzbTIlMjExaTEwMjQlMjEyaTc2OCUyMTRmMTMuMSUyMTNtMyUyMTFtMiUyMTFzMHgxNGNhZjhhNDA3NzkwYTE3JTI1M0EweDNkOTE4OTYzNjRiYmVjNmUlMjEyc09yaGFuZ2F6aSUyNTJDJTI1MjBPcmhhbmdhemklMjVDQyUyNTg3JTI1MkZCdXJzYSUyMTVlMCUyMTNtMiUyMTFzdHIlMjEyc3RyJTIxNHYxNzUwODU2MzAxOTE5JTIxNW0yJTIxMXN0ciUyMTJzdHIlMjIlMjB3aWR0aCUzRCUyMjYwMCUyMiUyMGhlaWdodCUzRCUyMjQ1MCUyMiUyMHN0eWxlJTNEJTIyYm9yZGVyJTNBMCUzQiUyMiUyMGFsbG93ZnVsbHNjcmVlbiUzRCUyMiUyMiUyMGxvYWRpbmclM0QlMjJsYXp5JTIyJTIwcmVmZXJyZXJwb2xpY3klM0QlMjJuby1yZWZlcnJlci13aGVuLWRvd25ncmFkZSUyMiUzRSUzQyUyRmlmcmFtZSUzRQ==&#8221; size=&#8221;400&#8243; css=&#8221;.vc_custom_1750856320221{margin-bottom: 0px !important;}&#8221;][\/vc_column][\/vc_row]<\/p>\n<\/div>","protected":false},"excerpt":{"rendered":"<p>[vc_row][vc_column ct_column_class=&#8221;rm-padding-md&#8221; css=&#8221;.vc_custom_1540021731938{padding-top: 0px !important;padding-right: 0px !important;}&#8221; offset=&#8221;vc_col-lg-5 vc_col-md-5&#8243;][ct_space space_lg=&#8221;112&#8243; space_md=&#8221;60&#8243; space_sm=&#8221;60&#8243; space_xs=&#8221;60&#8243;][ct_heading text=&#8221;En iyi m\u00fczik burada&#8230;&#8221; font_size_md=&#8221;36&#8243; font_size_sm=&#8221;32&#8243; font_size_xs=&#8221;32&#8243; font_weight=&#8221;&#8221; subtitle=&#8221;Orhangazi Fm&#8221; font_weight_sub=&#8221;&#8221; description=&#8221;En g\u00fczel yay\u0131nlar, en iyi m\u00fczikler burada! Orhangazi FM ile g\u00fcn\u00fcn\u00fcz ritim bulsun, keyfiniz yerinden oynamas\u0131n. 105.7 frekans\u0131nda sizi bekleyen ses: Orhangazi&#8217;nin sesi!&#8221; typingout=&#8221;&#8220;Orhangazi Fm&#8220;, &#8220;105.7 MHz&#8220;, &#8220;en iyi m\u00fczik&#8220;&#8221;][vc_row_inner][vc_column_inner ct_column_inner_class=&#8221;rm-padding-lg&#8221; [&hellip;]<\/p>\n","protected":false},"author":1,"featured_media":0,"parent":0,"menu_order":0,"comment_status":"closed","ping_status":"closed","template":"","meta":{"footnotes":""},"class_list":["post-554","page","type-page","status-publish","hentry"],"_links":{"self":[{"href":"https:\/\/www.bursaorhangazifm.com.tr\/index.php\/wp-json\/wp\/v2\/pages\/554","targetHints":{"allow":["GET"]}}],"collection":[{"href":"https:\/\/www.bursaorhangazifm.com.tr\/index.php\/wp-json\/wp\/v2\/pages"}],"about":[{"href":"https:\/\/www.bursaorhangazifm.com.tr\/index.php\/wp-json\/wp\/v2\/types\/page"}],"author":[{"embeddable":true,"href":"https:\/\/www.bursaorhangazifm.com.tr\/index.php\/wp-json\/wp\/v2\/users\/1"}],"replies":[{"embeddable":true,"href":"https:\/\/www.bursaorhangazifm.com.tr\/index.php\/wp-json\/wp\/v2\/comments?post=554"}],"version-history":[{"count":49,"href":"https:\/\/www.bursaorhangazifm.com.tr\/index.php\/wp-json\/wp\/v2\/pages\/554\/revisions"}],"predecessor-version":[{"id":1780,"href":"https:\/\/www.bursaorhangazifm.com.tr\/index.php\/wp-json\/wp\/v2\/pages\/554\/revisions\/1780"}],"wp:attachment":[{"href":"https:\/\/www.bursaorhangazifm.com.tr\/index.php\/wp-json\/wp\/v2\/media?parent=554"}],"curies":[{"name":"wp","href":"https:\/\/api.w.org\/{rel}","templated":true}]}}